{"id":2402,"date":"2023-07-10T08:51:09","date_gmt":"2023-07-10T08:51:09","guid":{"rendered":"https:\/\/especialistamasculinidades.umh.es\/?page_id=2402"},"modified":"2023-07-10T08:51:14","modified_gmt":"2023-07-10T08:51:14","slug":"acces","status":"publish","type":"page","link":"https:\/\/especialistamasculinidades.umh.es\/ca\/acces\/","title":{"rendered":"Acc\u00e9s"},"content":{"rendered":"<p>[et_pb_section fb_built=&#8221;1&#8243; admin_label=&#8221;section&#8221; _builder_version=&#8221;4.16&#8243; global_colors_info=&#8221;{}&#8221;][et_pb_row admin_label=&#8221;row&#8221; _builder_version=&#8221;4.16&#8243; background_size=&#8221;initial&#8221; background_position=&#8221;top_left&#8221; background_repeat=&#8221;repeat&#8221; global_colors_info=&#8221;{}&#8221;][et_pb_column type=&#8221;4_4&#8243; _builder_version=&#8221;4.16&#8243; custom_padding=&#8221;|||&#8221; global_colors_info=&#8221;{}&#8221; custom_padding__hover=&#8221;|||&#8221;][et_pb_text admin_label=&#8221;Text&#8221; _builder_version=&#8221;4.17.4&#8243; background_size=&#8221;initial&#8221; background_position=&#8221;top_left&#8221; background_repeat=&#8221;repeat&#8221; use_border_color=&#8221;off&#8221; border_color=&#8221;#ffffff&#8221; border_style=&#8221;solid&#8221; global_colors_info=&#8221;{}&#8221;]<\/p>\n<h1 style=\"color: #9a2127;\">Acc\u00e9s<\/h1>\n<p style=\"text-align: justify;\">Per a accedir al t\u00edtol es recomana seguir els passosseg\u00fcents:<\/p>\n<p style=\"text-align: justify;\">PAS 1:<\/p>\n<p style=\"text-align: justify;\">Per a preinscriure\u2019t en el t\u00edtol d\u2019<strong>Especialista Universitari en Masculinitats, G\u00e8nere i Igualtat<\/strong>, primer has d\u2019accedir ac\u00ed<br \/>\n<a href=\"http:\/\/universite.umh.es\/fpogestion\/aspx\/preinscripcion\/preinscripcion.aspx\">http:\/\/universite.umh.es\/fpogestion\/aspx\/preinscripcion\/preinscripcion.aspx<\/a> i emplenar la sol\u2022licitud (aquestes s\u00f3n les dades que sol\u2022licita el formulari: Tipus d\u2019ensenyament: \u00abEspecialista Universitari\u00bb; Ensenyament: ESPECIALISTA UNIVERSITARI EN MASCULINITATS, G\u00c8NERE I IGUALTAT)<\/p>\n<p style=\"text-align: justify;\"><span style=\"font-weight: 400;\">PASO 2:<\/span><\/p>\n<p style=\"text-align: justify;\">Una vegada realitzada la preinscripci\u00f3, s\u2019ha de presentar la seg\u00fcent informaci\u00f3 escanejada a <a href=\"mailto:esp.masculinidades2@umh.es\">esp.masculinidades2@umh.es<\/a><\/p>\n<ul style=\"text-align: justify;\">\n<li>Resguard de la preinscripci\u00f3 (informaci\u00f3 del correu de confirmaci\u00f3 que rebr\u00e0s en prescriure\u2019t).<\/li>\n<li>Fotoc\u00f2pia de DNI, NIF o passaport.<\/li>\n<li>Fotoc\u00f2pia del t\u00edtol o resguard si \u00e9s el cas (els t\u00edtols expedits fora d\u2019Espanya han de ser acompanyats de la postil\u2022la de la Haia).<\/li>\n<li>Fotoc\u00f2pia del certificat de notes (els certificats expedits fora d\u2019Espanya han de ser acompanyats de la postil\u2022la de la Haia).<\/li>\n<li>\u00a0Curriculumvitae<\/li>\n<li>Carta de motivaci\u00f3 sobre estudis en masculinitats i igualtat de g\u00e8nere.<\/li>\n<\/ul>\n<p style=\"text-align: justify;\">Criteris de selecci\u00f3:<\/p>\n<ul style=\"text-align: justify;\">\n<li>Expedient acad\u00e8mic.<\/li>\n<li><span style=\"font-weight: 400;\">M\u00e8rits professionals.<\/span><\/li>\n<li><strong><span style=\"font-weight: 400;\">Carta de motivaci\u00f3 sobre estudis en masculinitats i igualtat de g\u00e8nere.<\/span><\/strong><\/li>\n<\/ul>\n<p style=\"text-align: justify;\"><b>Preu de matr\u00edcula: <\/b><span style=\"font-weight: 400;\">1037,70 euros<\/span><\/p>\n<p style=\"text-align: justify;\"><b>Preinscripci\u00f3: <\/b><span style=\"font-weight: 400;\">02\/05\/23 a 30\/09\/23<\/span><\/p>\n<p style=\"text-align: justify;\"><b>Matriculaci\u00f3: <\/b><span style=\"font-weight: 400;\">15\/05\/23 a 30\/09\/23<\/span><\/p>\n<p style=\"text-align: justify;\"><b>Duraci\u00f3: <\/b><span style=\"font-weight: 400;\">03\/10\/2023 a 30\/09\/2024<\/span><\/p>\n<p style=\"text-align: justify;\">L\u2019import de la matr\u00edcula inclou tant la formaci\u00f3 com l\u2019acc\u00e9s a l\u2019aula virtual, l\u2019\u00fas de les eines d\u2019estudi i comunicaci\u00f3, i els materials interactius. No hi ha cap cost d\u2019inscripci\u00f3 addicional en concepte d\u2019obertura ni per gesti\u00f3 de matr\u00edcula.<\/p>\n<p style=\"text-align: justify;\">Hi ha altres conceptes de car\u00e0cter administratiu que l\u2019alumne o l\u2019alumna podr\u00e0 sol\u2022licitar, comara certificats, expedici\u00f3 de t\u00edtol, duplicats o altres, i que tindran un cost independent.<\/p>\n<p style=\"text-align: justify;\"><b>Preu de matr\u00edcula: <\/b><span style=\"font-weight: 400;\">1037,70 euros<\/span><\/p>\n<p style=\"text-align: justify;\"><span style=\"font-weight: 400;\">Es pot fraccionar el pagament en dos terminis<\/span><\/p>\n<p>[\/et_pb_text][\/et_pb_column][\/et_pb_row][\/et_pb_section]<\/p>\n","protected":false},"excerpt":{"rendered":"<p>Acc\u00e9s Per a accedir al t\u00edtol es recomana seguir els passosseg\u00fcents: PAS 1: Per a preinscriure\u2019t en el t\u00edtol d\u2019Especialista Universitari en Masculinitats, G\u00e8nere i Igualtat, primer has d\u2019accedir ac\u00ed http:\/\/universite.umh.es\/fpogestion\/aspx\/preinscripcion\/preinscripcion.aspx i emplenar la sol\u2022licitud (aquestes s\u00f3n les dades que sol\u2022licita el formulari: Tipus d\u2019ensenyament: \u00abEspecialista Universitari\u00bb; Ensenyament: ESPECIALISTA UNIVERSITARI EN MASCULINITATS, G\u00c8NERE I IGUALTAT) [&hellip;]<\/p>\n","protected":false},"author":23459,"featured_media":0,"parent":0,"menu_order":0,"comment_status":"open","ping_status":"open","template":"","meta":{"_et_pb_use_builder":"on","_et_pb_old_content":"<p>[et_pb_section fb_built=\"1\" admin_label=\"section\" _builder_version=\"4.16\" global_colors_info=\"{}\"][et_pb_row admin_label=\"row\" _builder_version=\"4.16\" background_size=\"initial\" background_position=\"top_left\" background_repeat=\"repeat\" global_colors_info=\"{}\"][et_pb_column type=\"4_4\" _builder_version=\"4.16\" custom_padding=\"|||\" global_colors_info=\"{}\" custom_padding__hover=\"|||\"][et_pb_text admin_label=\"Texto\" _builder_version=\"4.17.4\" background_size=\"initial\" background_position=\"top_left\" background_repeat=\"repeat\" use_border_color=\"off\" border_color=\"#ffffff\" border_style=\"solid\" global_colors_info=\"{}\"]<\/p><h1 style=\"color: #9a2127;\">Acceso<\/h1><p style=\"text-align: justify;\">Para acceder al t\u00edtulo se recomienda seguir los siguientes pasos:<\/p><p style=\"text-align: justify;\">PASO 1:<\/p><p style=\"text-align: justify;\"><span style=\"font-weight: 400;\">Para preinscribirte en el <\/span><b>T\u00edtulo de Especialista Universitario en Masculinidades, G\u00e9nero e Igualdad<\/b><span style=\"font-weight: 400;\"> primero tienes que <a href=\"http:\/\/universite.umh.es\/fpogestion\/aspx\/Preinscripcion\/Preinscripcion.aspx\" target=\"_blank\" rel=\"noopener\">acceder <\/a><\/span><a href=\"_wp_link_placeholder\"><span style=\"font-weight: 400;\">aqu\u00ed<\/span> \u00a0<\/a><span style=\"font-weight: 400;\">y rellenar la solicitud. (Estos son los datos que solicita el formulario: Tipo de ense\u00f1anza: \u00abEspecialista Universitario\u00bb; Ense\u00f1anza: ESPECIALISTA UNIVERSITARIO EN MASCULINIDADES, G\u00c9NERO E IGUALDAD).<\/span><\/p><p style=\"text-align: justify;\"><span style=\"font-weight: 400;\">PASO 2:<\/span><\/p><p style=\"text-align: justify;\">Una vez realizada la preinscripci\u00f3n, se debe presentar la siguiente informaci\u00f3n escaneada a\u00a0<a href=\"mailto:esp.masculinidades2@umh.es\" target=\"_blank\" rel=\"noopener\">esp.masculinidades2@umh.es<\/a><\/p><ul style=\"text-align: justify;\"><li><span style=\"font-weight: 400;\">Resguardo de la preinscripci\u00f3n (informaci\u00f3n del correo de confirmaci\u00f3n que recibir\u00e1s al prescribirte).<\/span><\/li><li><span style=\"font-weight: 400;\">Fotocopia de DNI, NIF o pasaporte.<\/span><\/li><li><span style=\"font-weight: 400;\">Fotocopia del t\u00edtulo o resguardo en su caso (los t\u00edtulos expedidos fuera de Espa\u00f1a, deben ser acompa\u00f1ados de la apostilla de La Haya).<\/span><\/li><li><span style=\"font-weight: 400;\">Fotocopia del certificado de notas (los\u00a0certificados expedidos fuera de Espa\u00f1a, deben ser acompa\u00f1ados de la apostilla de La Haya).<\/span><\/li><li><strong><span style=\"font-weight: 400;\">Curr\u00edculum Vitae<\/span><\/strong><\/li><li><strong><span style=\"font-weight: 400;\">Carta de motivaci\u00f3n sobre estudios en masculinidades e igualdad de g\u00e9nero.<\/span><\/strong><\/li><\/ul><p style=\"text-align: justify;\">Criterios de selecci\u00f3n:<\/p><ul style=\"text-align: justify;\"><li>Expediente acad\u00e9mico.<\/li><li><span style=\"font-weight: 400;\">M\u00e9ritos profesionales.<\/span><\/li><li><strong><span style=\"font-weight: 400;\">Carta de motivaci\u00f3n sobre estudios en masculinidades e igualdad de g\u00e9nero.<\/span><\/strong><\/li><\/ul><p style=\"text-align: justify;\"><b>Precio de matr\u00edcula: <\/b><span style=\"font-weight: 400;\">1037,70 euros<\/span><\/p><p style=\"text-align: justify;\"><b>Preinscripci\u00f3n:\u00a0<\/b><span style=\"font-weight: 400;\">02\/05\/23 a 30\/09\/23<\/span><\/p><p style=\"text-align: justify;\"><b>Matriculaci\u00f3n: <\/b><span style=\"font-weight: 400;\">15\/05\/23 a 30\/09\/23<\/span><\/p><p style=\"text-align: justify;\"><b>Duraci\u00f3n: <\/b><span style=\"font-weight: 400;\">03\/10\/2023 a 30\/09\/2024<\/span><\/p><p style=\"text-align: justify;\"><span style=\"font-weight: 400;\">El importe de la matr\u00edcula incluye tanto la formaci\u00f3n como el acceso al aula virtual, el uso de las herramientas de estudio y comunicaci\u00f3n, y los materiales interactivos. No existe ning\u00fan coste de inscripci\u00f3n adicional en concepto de apertura ni por gesti\u00f3n de matr\u00edcula.<\/span><\/p><p style=\"text-align: justify;\"><span style=\"font-weight: 400;\">Existen otros conceptos de car\u00e1cter administrativo que el alumno o la alumna podr\u00e1 solicitar, como certificados, expedici\u00f3n de t\u00edtulo, duplicados u otros, y que tendr\u00e1n un coste independiente.<\/span><\/p><p style=\"text-align: justify;\"><b>Precio de matr\u00edcula: <\/b><span style=\"font-weight: 400;\">1037,70 euros<\/span><\/p><p style=\"text-align: justify;\"><span style=\"font-weight: 400;\">Se puede fraccionar el pago en 2 plazos<\/span><\/p><p>[\/et_pb_text][\/et_pb_column][\/et_pb_row][\/et_pb_section][et_pb_section fb_built=\"1\" admin_label=\"section\" _builder_version=\"4.16\" global_colors_info=\"{}\"][et_pb_row admin_label=\"row\" _builder_version=\"4.16\" background_size=\"initial\" background_position=\"top_left\" background_repeat=\"repeat\" global_colors_info=\"{}\"][et_pb_column type=\"4_4\" _builder_version=\"4.16\" custom_padding=\"|||\" global_colors_info=\"{}\" custom_padding__hover=\"|||\"][et_pb_text admin_label=\"Text\" _builder_version=\"4.17.4\" background_size=\"initial\" background_position=\"top_left\" background_repeat=\"repeat\" use_border_color=\"off\" border_color=\"#ffffff\" border_style=\"solid\" global_colors_info=\"{}\"]<\/p><h1 style=\"color: #9a2127;\">Acc\u00e9s<\/h1><p style=\"text-align: justify;\">Per a accedir al t\u00edtol es recomana seguir els passosseg\u00fcents:<\/p><p style=\"text-align: justify;\">PAS 1:<\/p><p style=\"text-align: justify;\">Per a preinscriure\u2019t en el t\u00edtol d\u2019<strong>Especialista Universitari en Masculinitats, G\u00e8nere i Igualtat<\/strong>, primer has d\u2019accedir ac\u00ed<br \/><a href=\"http:\/\/universite.umh.es\/fpogestion\/aspx\/preinscripcion\/preinscripcion.aspx\">http:\/\/universite.umh.es\/fpogestion\/aspx\/preinscripcion\/preinscripcion.aspx<\/a> i emplenar la sol\u2022licitud (aquestes s\u00f3n les dades que sol\u2022licita el formulari: Tipus d\u2019ensenyament: \u00abEspecialista Universitari\u00bb; Ensenyament: ESPECIALISTA UNIVERSITARI EN MASCULINITATS, G\u00c8NERE I IGUALTAT)<\/p><p style=\"text-align: justify;\"><span style=\"font-weight: 400;\">PASO 2:<\/span><\/p><p style=\"text-align: justify;\">Una vegada realitzada la preinscripci\u00f3, s\u2019ha de presentar la seg\u00fcent informaci\u00f3 escanejada a <a href=\"mailto:esp.masculinidades2@umh.es\">esp.masculinidades2@umh.es<\/a><\/p><ul style=\"text-align: justify;\"><li>Resguard de la preinscripci\u00f3 (informaci\u00f3 del correu de confirmaci\u00f3 que rebr\u00e0s en prescriure\u2019t).<\/li><li>Fotoc\u00f2pia de DNI, NIF o passaport.<\/li><li>Fotoc\u00f2pia del t\u00edtol o resguard si \u00e9s el cas (els t\u00edtols expedits fora d\u2019Espanya han de ser acompanyats de la postil\u2022la de la Haia).<\/li><li>Fotoc\u00f2pia del certificat de notes (els certificats expedits fora d\u2019Espanya han de ser acompanyats de la postil\u2022la de la Haia).<\/li><li>\u00a0Curriculumvitae<\/li><li>Carta de motivaci\u00f3 sobre estudis en masculinitats i igualtat de g\u00e8nere.<\/li><\/ul><p style=\"text-align: justify;\">Criteris de selecci\u00f3:<\/p><ul style=\"text-align: justify;\"><li>Expedient acad\u00e8mic.<\/li><li><span style=\"font-weight: 400;\">M\u00e8rits professionals.<\/span><\/li><li><strong><span style=\"font-weight: 400;\">Carta de motivaci\u00f3 sobre estudis en masculinitats i igualtat de g\u00e8nere.<\/span><\/strong><\/li><\/ul><p style=\"text-align: justify;\"><b>Preu de matr\u00edcula: <\/b><span style=\"font-weight: 400;\">1037,70 euros<\/span><\/p><p style=\"text-align: justify;\"><b>Preinscripci\u00f3: <\/b><span style=\"font-weight: 400;\">02\/05\/23 a 30\/09\/23<\/span><\/p><p style=\"text-align: justify;\"><b>Matriculaci\u00f3: <\/b><span style=\"font-weight: 400;\">15\/05\/23 a 30\/09\/23<\/span><\/p><p style=\"text-align: justify;\"><b>Duraci\u00f3: <\/b><span style=\"font-weight: 400;\">03\/10\/2023 a 30\/09\/2024<\/span><\/p><p style=\"text-align: justify;\">L\u2019import de la matr\u00edcula inclou tant la formaci\u00f3 com l\u2019acc\u00e9s a l\u2019aula virtual, l\u2019\u00fas de les eines d\u2019estudi i comunicaci\u00f3, i els materials interactius. No hi ha cap cost d\u2019inscripci\u00f3 addicional en concepte d\u2019obertura ni per gesti\u00f3 de matr\u00edcula.<\/p><p style=\"text-align: justify;\">Hi ha altres conceptes de car\u00e0cter administratiu que l\u2019alumne o l\u2019alumna podr\u00e0 sol\u2022licitar, comara certificats, expedici\u00f3 de t\u00edtol, duplicats o altres, i que tindran un cost independent.<\/p><p style=\"text-align: justify;\"><b>Preu de matr\u00edcula: <\/b><span style=\"font-weight: 400;\">1037,70 euros<\/span><\/p><p style=\"text-align: justify;\"><span style=\"font-weight: 400;\">Es pot fraccionar el pagament en dos terminis<\/span><\/p><p>[\/et_pb_text][\/et_pb_column][\/et_pb_row][\/et_pb_section]<\/p>","_et_gb_content_width":"","ngg_post_thumbnail":0,"_links_to":"","_links_to_target":""},"_links":{"self":[{"href":"https:\/\/especialistamasculinidades.umh.es\/ca\/wp-json\/wp\/v2\/pages\/2402"}],"collection":[{"href":"https:\/\/especialistamasculinidades.umh.es\/ca\/wp-json\/wp\/v2\/pages"}],"about":[{"href":"https:\/\/especialistamasculinidades.umh.es\/ca\/wp-json\/wp\/v2\/types\/page"}],"author":[{"embeddable":true,"href":"https:\/\/especialistamasculinidades.umh.es\/ca\/wp-json\/wp\/v2\/users\/23459"}],"replies":[{"embeddable":true,"href":"https:\/\/especialistamasculinidades.umh.es\/ca\/wp-json\/wp\/v2\/comments?post=2402"}],"version-history":[{"count":0,"href":"https:\/\/especialistamasculinidades.umh.es\/ca\/wp-json\/wp\/v2\/pages\/2402\/revisions"}],"wp:attachment":[{"href":"https:\/\/especialistamasculinidades.umh.es\/ca\/wp-json\/wp\/v2\/media?parent=2402"}],"curies":[{"name":"wp","href":"https:\/\/api.w.org\/{rel}","templated":true}]}}